{"id":2530,"date":"2026-04-27T23:27:57","date_gmt":"2026-04-27T23:27:57","guid":{"rendered":"https:\/\/descalzi.lienzovirtual.com.ar\/?page_id=2530"},"modified":"2026-05-11T22:02:53","modified_gmt":"2026-05-11T22:02:53","slug":"inicio","status":"publish","type":"page","link":"https:\/\/prueba.lienzovirtual.com.ar\/en\/","title":{"rendered":"Study profile"},"content":{"rendered":"<div data-elementor-type=\"wp-page\" data-elementor-id=\"2530\" class=\"elementor elementor-2530\" data-elementor-post-type=\"page\">\n\t\t\t\t<div class=\"elementor-element elementor-element-635ee6f e-con-full e-flex wpr-particle-no wpr-jarallax-no wpr-parallax-no wpr-sticky-section-no wpr-column-slider-no wpr-equal-height-no e-con e-parent\" data-id=\"635ee6f\" data-element_type=\"container\" data-e-type=\"container\" data-settings=\"{&quot;background_background&quot;:&quot;classic&quot;}\">\n\t\t<div class=\"elementor-element elementor-element-0368d38 e-flex e-con-boxed wpr-particle-no wpr-jarallax-no wpr-parallax-no wpr-sticky-section-no wpr-column-slider-no wpr-equal-height-no e-con e-child\" data-id=\"0368d38\" data-element_type=\"container\" data-e-type=\"container\">\n\t\t\t\t\t<div class=\"e-con-inner\">\n\t\t<div class=\"elementor-element elementor-element-aa8fc92 e-con-full e-flex wpr-particle-no wpr-jarallax-no wpr-parallax-no wpr-sticky-section-no wpr-column-slider-no wpr-equal-height-no e-con e-child\" data-id=\"aa8fc92\" data-element_type=\"container\" data-e-type=\"container\">\n\t\t\t\t<div class=\"elementor-element elementor-element-267cfea elementor-widget__width-initial elementor-invisible elementor-widget elementor-widget-heading\" data-id=\"267cfea\" data-element_type=\"widget\" data-e-type=\"widget\" data-settings=\"{&quot;_animation&quot;:&quot;fadeInLeft&quot;}\" data-widget_type=\"heading.default\">\n\t\t\t\t<div class=\"elementor-widget-container\">\n\t\t\t\t\t<h2 class=\"elementor-heading-title elementor-size-default\">Tailored legal solutions<\/h2>\t\t\t\t<\/div>\n\t\t\t\t<\/div>\n\t\t\t\t<div class=\"elementor-element elementor-element-8fe5fda elementor-widget__width-initial elementor-invisible elementor-widget elementor-widget-text-editor\" data-id=\"8fe5fda\" data-element_type=\"widget\" data-e-type=\"widget\" data-settings=\"{&quot;_animation&quot;:&quot;fadeInLeft&quot;}\" data-widget_type=\"text-editor.default\">\n\t\t\t\t<div class=\"elementor-widget-container\">\n\t\t\t\t\t\t\t\t\t<p>with support and experience<\/p>\t\t\t\t\t\t\t\t<\/div>\n\t\t\t\t<\/div>\n\t\t\t\t<div class=\"elementor-element elementor-element-3b27ea1 elementor-widget__width-initial elementor-invisible elementor-widget elementor-widget-text-editor\" data-id=\"3b27ea1\" data-element_type=\"widget\" data-e-type=\"widget\" data-settings=\"{&quot;_animation&quot;:&quot;fadeInLeft&quot;}\" data-widget_type=\"text-editor.default\">\n\t\t\t\t<div class=\"elementor-widget-container\">\n\t\t\t\t\t\t\t\t\t<p>More than 40 years advising companies and individuals with a personalized, efficient and professional approach.<\/p>\t\t\t\t\t\t\t\t<\/div>\n\t\t\t\t<\/div>\n\t\t\t\t<div class=\"elementor-element elementor-element-b15e13d elementor-invisible elementor-widget elementor-widget-button\" data-id=\"b15e13d\" data-element_type=\"widget\" data-e-type=\"widget\" data-settings=\"{&quot;_animation&quot;:&quot;fadeInLeft&quot;}\" data-widget_type=\"button.default\">\n\t\t\t\t<div class=\"elementor-widget-container\">\n\t\t\t\t\t\t\t\t\t<div class=\"elementor-button-wrapper\">\n\t\t\t\t\t<a class=\"elementor-button elementor-button-link elementor-size-sm\" href=\"https:\/\/prueba.lienzovirtual.com.ar\/en\/contacto\/\">\n\t\t\t\t\t\t<span class=\"elementor-button-content-wrapper\">\n\t\t\t\t\t\t\t\t\t<span class=\"elementor-button-text\">CONTACT US<\/span>\n\t\t\t\t\t<\/span>\n\t\t\t\t\t<\/a>\n\t\t\t\t<\/div>\n\t\t\t\t\t\t\t\t<\/div>\n\t\t\t\t<\/div>\n\t\t\t\t<\/div>\n\t\t\t\t\t<\/div>\n\t\t\t\t<\/div>\n\t\t\t\t<\/div>\n\t\t<div class=\"elementor-element elementor-element-0671f80 e-flex e-con-boxed wpr-particle-no wpr-jarallax-no wpr-parallax-no wpr-sticky-section-no wpr-column-slider-no wpr-equal-height-no e-con e-parent\" data-id=\"0671f80\" data-element_type=\"container\" data-e-type=\"container\">\n\t\t\t\t\t<div class=\"e-con-inner\">\n\t\t\t\t<div class=\"elementor-element elementor-element-ec9f994 elementor-widget elementor-widget-text-editor\" data-id=\"ec9f994\" data-element_type=\"widget\" data-e-type=\"widget\" data-widget_type=\"text-editor.default\">\n\t\t\t\t<div class=\"elementor-widget-container\">\n\t\t\t\t\t\t\t\t\t<p data-start=\"268\" data-end=\"472\">The<strong> Lynch Law Firm \u2013 Attorneys<\/strong> It provides comprehensive legal advice to companies and individuals, both local and foreign, through a team of lawyers with outstanding performance in all branches of law.<\/p><p data-start=\"268\" data-end=\"472\">\u00a0Lynch's philosophy is to identify the appropriate lawyer or group of lawyers to best and most efficiently serve each client, according to their specific needs.\u00a0<\/p><p data-start=\"268\" data-end=\"472\">All legal services are directed by a supervising partner, responsible for each client, who identifies and coordinates the services of the other lawyers, according to their experience and knowledge of the case.\u00a0<\/p><p data-start=\"268\" data-end=\"472\">The experience gained from over 50 years of service, and our wide range of clients, both national and international, continue to improve our professional service.\u00a0<\/p><p data-start=\"268\" data-end=\"472\">The <strong>Lynch Studio<\/strong> It specializes in providing its clients with efficient and comprehensive attention, tailored to their particular needs, offering excellent service specializing in the various branches of law.<\/p>\t\t\t\t\t\t\t\t<\/div>\n\t\t\t\t<\/div>\n\t\t\t\t<div class=\"elementor-element elementor-element-8e32d2b elementor-widget elementor-widget-button\" data-id=\"8e32d2b\" data-element_type=\"widget\" data-e-type=\"widget\" data-widget_type=\"button.default\">\n\t\t\t\t<div class=\"elementor-widget-container\">\n\t\t\t\t\t\t\t\t\t<div class=\"elementor-button-wrapper\">\n\t\t\t\t\t<a class=\"elementor-button elementor-button-link elementor-size-sm\" href=\"https:\/\/prueba.lienzovirtual.com.ar\/en\/santiago-cv\/\" target=\"_blank\">\n\t\t\t\t\t\t<span class=\"elementor-button-content-wrapper\">\n\t\t\t\t\t\t\t\t\t<span class=\"elementor-button-text\">Santiago Lynch - CV-<\/span>\n\t\t\t\t\t<\/span>\n\t\t\t\t\t<\/a>\n\t\t\t\t<\/div>\n\t\t\t\t\t\t\t\t<\/div>\n\t\t\t\t<\/div>\n\t\t\t\t\t<\/div>\n\t\t\t\t<\/div>\n\t\t\t\t<\/div>","protected":false},"excerpt":{"rendered":"<p>Soluciones legales a medida con respaldo y experiencia M\u00e1s de 40 a\u00f1os asesorando a empresas y particulares con un enfoque personalizado, eficiente y profesional. CONT\u00c1CTANOS El Estudio Lynch \u2013 Abogados brinda un asesoramiento legal integral a empresas y particulares, locales y extranjeros, mediante un plantel de abogados con destacada actuaci\u00f3n en todas las ramas del derecho. \u00a0La filosof\u00eda del Estudio Lynch consiste en identificar al abogado o grupo de abogados apropiado para atender de la mejor y m\u00e1s eficiente forma a cada cliente, acorde con sus necesidades espec\u00edficas.\u00a0 Todos los servicios legales est\u00e1n dirigidos por un socio supervisor, encargado de cada cliente, el cual identifica y coordina los servicios de los dem\u00e1s abogados, conforme a su experiencia y conocimientos del caso.\u00a0 La experiencia derivada de m\u00e1s de 50 a\u00f1os de servicio, y su amplia gama de clientes, tanto nacionales como internacionales, contin\u00faan mejorando nuestro servicio profesional.\u00a0 El Estudio Lynch se especializa en brindar a sus clientes una atenci\u00f3n eficiente y completa, acorde a las necesidades particulares de los mismos, prestando un servicio de excelencia especializado en las distintas ramas del derecho. Santiago Lynch &#8211; CV-<\/p>","protected":false},"author":1,"featured_media":0,"parent":0,"menu_order":0,"comment_status":"closed","ping_status":"closed","template":"elementor_header_footer","meta":{"footnotes":""},"class_list":["post-2530","page","type-page","status-publish","hentry"],"_links":{"self":[{"href":"https:\/\/prueba.lienzovirtual.com.ar\/en\/wp-json\/wp\/v2\/pages\/2530","targetHints":{"allow":["GET"]}}],"collection":[{"href":"https:\/\/prueba.lienzovirtual.com.ar\/en\/wp-json\/wp\/v2\/pages"}],"about":[{"href":"https:\/\/prueba.lienzovirtual.com.ar\/en\/wp-json\/wp\/v2\/types\/page"}],"author":[{"embeddable":true,"href":"https:\/\/prueba.lienzovirtual.com.ar\/en\/wp-json\/wp\/v2\/users\/1"}],"replies":[{"embeddable":true,"href":"https:\/\/prueba.lienzovirtual.com.ar\/en\/wp-json\/wp\/v2\/comments?post=2530"}],"version-history":[{"count":131,"href":"https:\/\/prueba.lienzovirtual.com.ar\/en\/wp-json\/wp\/v2\/pages\/2530\/revisions"}],"predecessor-version":[{"id":3443,"href":"https:\/\/prueba.lienzovirtual.com.ar\/en\/wp-json\/wp\/v2\/pages\/2530\/revisions\/3443"}],"wp:attachment":[{"href":"https:\/\/prueba.lienzovirtual.com.ar\/en\/wp-json\/wp\/v2\/media?parent=2530"}],"curies":[{"name":"wp","href":"https:\/\/api.w.org\/{rel}","templated":true}]}}