{"id":2564,"date":"2026-04-30T19:33:21","date_gmt":"2026-04-30T19:33:21","guid":{"rendered":"https:\/\/descalzi.lienzovirtual.com.ar\/?page_id=2564"},"modified":"2026-05-11T20:46:38","modified_gmt":"2026-05-11T20:46:38","slug":"clientes","status":"publish","type":"page","link":"https:\/\/prueba.lienzovirtual.com.ar\/en\/clientes\/","title":{"rendered":"Customers"},"content":{"rendered":"<div data-elementor-type=\"wp-page\" data-elementor-id=\"2564\" class=\"elementor elementor-2564\" data-elementor-post-type=\"page\">\n\t\t\t\t<div class=\"elementor-element elementor-element-5dc333e e-flex e-con-boxed wpr-particle-no wpr-jarallax-no wpr-parallax-no wpr-sticky-section-no wpr-equal-height-no e-con e-parent\" data-id=\"5dc333e\" data-element_type=\"container\" data-e-type=\"container\" data-settings=\"{&quot;background_background&quot;:&quot;classic&quot;}\">\n\t\t\t\t\t<div class=\"e-con-inner\">\n\t\t\t\t\t<\/div>\n\t\t\t\t<\/div>\n\t\t<div class=\"elementor-element elementor-element-fc50e3e e-con-full e-flex wpr-particle-no wpr-jarallax-no wpr-parallax-no wpr-sticky-section-no wpr-equal-height-no e-con e-parent\" data-id=\"fc50e3e\" data-element_type=\"container\" data-e-type=\"container\">\n\t\t<div class=\"elementor-element elementor-element-9492dca e-con-full e-flex wpr-particle-no wpr-jarallax-no wpr-parallax-no wpr-sticky-section-no wpr-equal-height-no e-con e-child\" data-id=\"9492dca\" data-element_type=\"container\" data-e-type=\"container\" data-settings=\"{&quot;background_background&quot;:&quot;classic&quot;}\">\n\t\t\t\t<div class=\"elementor-element elementor-element-5b1b6be elementor-widget__width-initial elementor-widget-mobile__width-initial elementor-invisible elementor-widget elementor-widget-heading\" data-id=\"5b1b6be\" data-element_type=\"widget\" data-e-type=\"widget\" data-settings=\"{&quot;_animation&quot;:&quot;zoomIn&quot;}\" data-widget_type=\"heading.default\">\n\t\t\t\t<div class=\"elementor-widget-container\">\n\t\t\t\t\t<h2 class=\"elementor-heading-title elementor-size-default\">Algunos de Nuestros Clientes en Argentina<\/h2>\t\t\t\t<\/div>\n\t\t\t\t<\/div>\n\t\t\t\t<\/div>\n\t\t<div class=\"elementor-element elementor-element-be07665 e-con-full e-flex wpr-particle-no wpr-jarallax-no wpr-parallax-no wpr-sticky-section-no wpr-equal-height-no e-con e-child\" data-id=\"be07665\" data-element_type=\"container\" data-e-type=\"container\">\n\t\t\t\t<div class=\"elementor-element elementor-element-2d1ee0b elementor-widget__width-initial elementor-widget elementor-widget-text-editor\" data-id=\"2d1ee0b\" data-element_type=\"widget\" data-e-type=\"widget\" data-widget_type=\"text-editor.default\">\n\t\t\t\t<div class=\"elementor-widget-container\">\n\t\t\t\t\t\t\t\t\t<ul><li><p>ABN AMRO BANK<\/p><\/li><li>ADVANCED MEDICAL TECHNOLOGY<\/li><li>ALUAR<\/li><li>AMOCO ARGENTINA<\/li><li>ARMOR LATINA S.A.<\/li><li>ASOCIACI\u00d3N CIVIL N\u00c1UTICO ESCOBAR CC<\/li><li>ATGE S.A.<\/li><li>AUSTRAL LINEAS AEREAS<\/li><li>BANCO DE LA CIUDAD DE BUENOS AIRES<\/li><li>BANCO FRANCES S.A.<\/li><li>BANCO INTERFINANZAS S.A.<\/li><li>BANCO MERIDIAN S.A.<\/li><li>BANCO R\u00cdO DE LA PLATA S.A.<\/li><li>BANCO ODDONE S.A.<\/li><li>BANESTO BANKING CORPORATION<\/li><li>BARRIO SANTA CATALINA<\/li><li>BBTV S.A.<\/li><li>BENAL S.A.<\/li><li>BENITO ROGGIO e Hijos S.A.<\/li><li>BODEGA ATAMISQUE S.A.<\/li><li>BODEGA MONTE BALBANO S.A.<\/li><li>CERVECER\u00cdA Y MALTER\u00cdA QUILMES S.A.<\/li><li>CITIBANK N.A.<\/li><li>CLAMER SRL<\/li><li>CLUB H\u00cdPICO ARGENTINO<\/li><li>CL\u00cdNICA MILITO<\/li><li>CMS S.A.<\/li><li>COMISI\u00d3N BINACIONAL PUENTE BUENOS AIRES COLONIA<\/li><li>CONFIN S.A.<\/li><li>CONSORCIO DE PROPIETARIOS FLORESTA<\/li><li>COMPAGNIE DES TERRES AUSTRALES S.A.<\/li><li>CROQUE MADAME SRL<\/li><li>DELICIAS DE TUPUNGATO S.A.<\/li><li>DOMAINE BOUSQUET S.A.<\/li><li>ECOFISA S.A.<\/li><li>EL FUNDADOR S.A.<\/li><li>EMPLAST S.A.<\/li><li>EUREST ARGENTINA S.A.<\/li><li>FEDERACI\u00d3N EMPRESAS PERSONAL TEMPORARIO<\/li><li>FEMESA S.A.<\/li><li>FERRUCCI S.A.<\/li><li>FUNDACI\u00d3N TORCUATO DI TELLA<\/li><li>FRUTSUR S.A.<\/li><li>GOBIERNO DE LA PROVINCIA DE RIO NEGRO<\/li><li>HOTELES AUSTRALES S.A.<\/li><li>HOTEL DORA CIUDAD DE BUENOS AIRES<\/li><li>IBS CORDOBA S.A.<\/li><li>IMC RADIOS S.A.<\/li><li>INTERACEL ARGENTINA SRL<\/li><li>INSTITUTO TORCUATO DI TELLA<\/li><li>LOUIS BERGER ARGENTINA S.A.<\/li><li>MINISTERIO DE ECONOMIA DE LA NACI\u00d3N ARGENTINA<\/li><li>N.O. OPERATIONS SRL<\/li><li>PIRELLI CABLES S.A.<\/li><li>PLEAMAR S.A.<\/li><li>POLICL\u00cdNICO NEUQU\u00c9N S.A.<\/li><li>PORTALES INFORMATICOS S.A.<\/li><li>PRICE WATERHOUSE<\/li><li>PROVIDIAN BANK<\/li><li>PROVIDIAN FINANCIAL<\/li><li>RQP S.A.<\/li><li>SANIRAP S.A.<\/li><li>SECRETAR\u00cdA DE ENERG\u00cdA DE LA NACI\u00d3N<\/li><li>SISTEMAS TEMPORARIOS S.A.<\/li><li>SISTEMAS TERCERIZACI\u00d3N Y SERVICIOS S.A.<\/li><li>SOCIEDAD RURAL ARGENTINA<\/li><li>SOCMA AMERICANA S.A.<\/li><li>STERN S.A.<\/li><li>TELEARTE &#8211; EMPRESA DE RADIO Y TELEVISION S.A.<\/li><li>TELEVISION ABC S.A.<\/li><li>TIERRAS Y YERBALES S.A.<\/li><li>TOTAL PAYROLL SOLUTIONS S.A.<\/li><li>TPS S.A.<\/li><li>TURAR S.A.<\/li><li>UIANET S.A.<\/li><li>VANDRYHER<\/li><li>VOLKSWAGEN ARGENTIN<\/li><\/ul>\t\t\t\t\t\t\t\t<\/div>\n\t\t\t\t<\/div>\n\t\t\t\t<\/div>\n\t\t\t\t<\/div>\n\t\t<div class=\"elementor-element elementor-element-7178763 e-con-full e-flex wpr-particle-no wpr-jarallax-no wpr-parallax-no wpr-sticky-section-no wpr-equal-height-no e-con e-parent\" data-id=\"7178763\" data-element_type=\"container\" data-e-type=\"container\">\n\t\t<div class=\"elementor-element elementor-element-939266a e-con-full e-flex wpr-particle-no wpr-jarallax-no wpr-parallax-no wpr-sticky-section-no wpr-equal-height-no e-con e-child\" data-id=\"939266a\" data-element_type=\"container\" data-e-type=\"container\" data-settings=\"{&quot;background_background&quot;:&quot;classic&quot;}\">\n\t\t\t\t<div class=\"elementor-element elementor-element-76d0eaa elementor-widget__width-initial elementor-widget-mobile__width-initial elementor-invisible elementor-widget elementor-widget-heading\" data-id=\"76d0eaa\" data-element_type=\"widget\" data-e-type=\"widget\" data-settings=\"{&quot;_animation&quot;:&quot;zoomIn&quot;}\" data-widget_type=\"heading.default\">\n\t\t\t\t<div class=\"elementor-widget-container\">\n\t\t\t\t\t<h2 class=\"elementor-heading-title elementor-size-default\">Algunos Clientes en el Exterior<\/h2>\t\t\t\t<\/div>\n\t\t\t\t<\/div>\n\t\t\t\t<\/div>\n\t\t<div class=\"elementor-element elementor-element-8422da8 e-con-full e-flex wpr-particle-no wpr-jarallax-no wpr-parallax-no wpr-sticky-section-no wpr-equal-height-no e-con e-child\" data-id=\"8422da8\" data-element_type=\"container\" data-e-type=\"container\">\n\t\t\t\t<div class=\"elementor-element elementor-element-a82d0f5 elementor-widget elementor-widget-text-editor\" data-id=\"a82d0f5\" data-element_type=\"widget\" data-e-type=\"widget\" data-widget_type=\"text-editor.default\">\n\t\t\t\t<div class=\"elementor-widget-container\">\n\t\t\t\t\t\t\t\t\t<ul><li><p>AGRISEEDS LTD, <em>New Zeland<\/em><\/p><\/li><li><p>ARCH FLORIDA LLC., <em>U.S.A<\/em><\/p><\/li><li><p>ARCH RESOURCES GROUP LLC., <em>U.S.A.<\/em><\/p><\/li><li><p>ARMOR, Socyet\u00e9 Anonyme,\u00a0<em>Nantes, France<\/em><\/p><\/li><li><p>BARENBRUG HOLDING<\/p><\/li><li><p>CHRISTY &amp; VIENER,\u00a0<em>New York, NY, U.S.A.<\/em><\/p><\/li><li><p>CMS ENERGY, INC.\u00a0<em>Michigan, U.S.A.<\/em><\/p><\/li><li><p>DONNA KARAN STUDIO,\u00a0<em>New York, NY, U.S.A.<\/em><\/p><\/li><li><p>EDYCE,\u00a0<em>Chile<\/em><\/p><\/li><li><p>FIRST INTERNATIONAL BANK,\u00a0<em>Dallas, Texas, U.S.A.<\/em><\/p><\/li><li><p>FUSION NETWORKS, INC.\u00a0<em>Florida, U.S.A.<\/em><\/p><\/li><li><p>GRAHAM &amp; JAMES,\u00a0<em>San Francisco, CA., U.S.A.<\/em><\/p><\/li><li><p>HANDELSFINANZ MIDLAND BANK,\u00a0<em>Geneve, Switzerland<\/em><\/p><\/li><li><p>INTERNATIONAL FINANCE BANK,\u00a0<em>N.Y., U.S.A.<\/em><\/p><\/li><li><p>KISSINGER, Henry,\u00a0<em>N.Y., U.S.A.<\/em><\/p><\/li><li><p>LE BOEUF, LAMB, LEIBY &amp; MAC RAE\u00a0<em>N.Y., U.S.A.<\/em><\/p><\/li><li><p>LONG, ALDRIDGE &amp; NORMAN,\u00a0<em>Atlanta, GA, U.S.A.<\/em><\/p><\/li><li><p>LOUIS BERGER INTERNATIONAL,\u00a0<em>Washington DC , U.S.A<\/em><\/p><\/li><li><p><span style=\"background-color: transparent;\">MITSUI &amp; CO. LTD.\u00a0<\/span><em style=\"background-color: transparent;\">Japan<\/em><\/p><\/li><li><p><span style=\"background-color: transparent;\">MORRISON &amp; FOERSTER L.L.P.<\/span><\/p><\/li><li><p><span style=\"background-color: transparent;\">MULTICHECK S.A.,\u00a0<\/span><em style=\"background-color: transparent;\">Santiago, Chile<\/em><\/p><\/li><li><p><span style=\"background-color: transparent;\">NISSHO IWAI AMERICAN CORP.,\u00a0<\/span><em style=\"background-color: transparent;\">New York, NY, U.S.A.<\/em><\/p><\/li><li><p><span style=\"background-color: transparent;\">NISSHO IWAI CORP.,\u00a0<\/span><em style=\"background-color: transparent;\">Tokyo, Japan<\/em><\/p><\/li><li><p><span style=\"background-color: transparent;\">NHT Conesur,\u00a0<\/span><em style=\"background-color: transparent;\">Sao Pablo, Brazil<\/em><\/p><\/li><li><p><span style=\"background-color: transparent;\">PARAMOUNT VENTURES AND FINANCE, Inc.\u00a0<\/span><em style=\"background-color: transparent;\">Canada<\/em><\/p><\/li><li><p><span style=\"background-color: transparent;\">PREIS &amp; KRAFT,\u00a0<\/span><em style=\"background-color: transparent;\">Lafayette, Louisiana, U.S.A.<\/em><\/p><\/li><li><p><span style=\"background-color: transparent;\">TRADING DUESTER INC.,\u00a0<\/span><em style=\"background-color: transparent;\">Frankfurt, Germany<\/em><\/p><\/li><li><p><span style=\"background-color: transparent;\">VITAL CONTENT, INC,\u00a0<\/span><em style=\"background-color: transparent;\">Florida, U.S.A.<\/em><\/p><\/li><li><p><span style=\"background-color: transparent;\">VITOL B.V.,\u00a0<\/span><em style=\"background-color: transparent;\">The Netherlands\u00a0<\/em><\/p><\/li><li><p><span style=\"background-color: transparent;\">VerNova L.L.C.,\u00a0<\/span><em style=\"background-color: transparent;\">VA. U.S.A.<\/em><\/p><\/li><li><p>WISD LLC., <em>U.S.A.<\/em><\/p><\/li><\/ul>\t\t\t\t\t\t\t\t<\/div>\n\t\t\t\t<\/div>\n\t\t\t\t<\/div>\n\t\t\t\t<\/div>\n\t\t\t\t<\/div>","protected":false},"excerpt":{"rendered":"<p>Algunos de Nuestros Clientes en Argentina ABN AMRO BANK ADVANCED MEDICAL TECHNOLOGY ALUAR AMOCO ARGENTINA ARMOR LATINA S.A. ASOCIACI\u00d3N CIVIL N\u00c1UTICO ESCOBAR CC ATGE S.A. AUSTRAL LINEAS AEREAS BANCO DE LA CIUDAD DE BUENOS AIRES BANCO FRANCES S.A. BANCO INTERFINANZAS S.A. BANCO MERIDIAN S.A. BANCO R\u00cdO DE LA PLATA S.A. BANCO ODDONE S.A. BANESTO BANKING CORPORATION BARRIO SANTA CATALINA BBTV S.A. BENAL S.A. BENITO ROGGIO e Hijos S.A. BODEGA ATAMISQUE S.A. BODEGA MONTE BALBANO S.A. CERVECER\u00cdA Y MALTER\u00cdA QUILMES S.A. CITIBANK N.A. CLAMER SRL CLUB H\u00cdPICO ARGENTINO CL\u00cdNICA MILITO CMS S.A. COMISI\u00d3N BINACIONAL PUENTE BUENOS AIRES COLONIA CONFIN S.A. CONSORCIO DE PROPIETARIOS FLORESTA COMPAGNIE DES TERRES AUSTRALES S.A. CROQUE MADAME SRL DELICIAS DE TUPUNGATO S.A. DOMAINE BOUSQUET S.A. ECOFISA S.A. EL FUNDADOR S.A. EMPLAST S.A. EUREST ARGENTINA S.A. FEDERACI\u00d3N EMPRESAS PERSONAL TEMPORARIO FEMESA S.A. FERRUCCI S.A. FUNDACI\u00d3N TORCUATO DI TELLA FRUTSUR S.A. GOBIERNO DE LA PROVINCIA DE RIO NEGRO HOTELES AUSTRALES S.A. HOTEL DORA CIUDAD DE BUENOS AIRES IBS CORDOBA S.A. IMC RADIOS S.A. INTERACEL ARGENTINA SRL INSTITUTO TORCUATO DI TELLA LOUIS BERGER ARGENTINA S.A. MINISTERIO DE ECONOMIA DE LA NACI\u00d3N ARGENTINA N.O. OPERATIONS SRL PIRELLI CABLES S.A. PLEAMAR S.A. POLICL\u00cdNICO NEUQU\u00c9N S.A. PORTALES INFORMATICOS S.A. PRICE WATERHOUSE PROVIDIAN BANK PROVIDIAN FINANCIAL RQP S.A. SANIRAP S.A. SECRETAR\u00cdA DE ENERG\u00cdA DE LA NACI\u00d3N SISTEMAS TEMPORARIOS S.A. SISTEMAS TERCERIZACI\u00d3N Y SERVICIOS S.A. SOCIEDAD RURAL ARGENTINA SOCMA AMERICANA S.A. STERN S.A. TELEARTE &#8211; EMPRESA DE RADIO Y TELEVISION S.A. TELEVISION ABC S.A. TIERRAS Y YERBALES S.A. TOTAL PAYROLL SOLUTIONS S.A. TPS S.A. TURAR S.A. UIANET S.A. VANDRYHER VOLKSWAGEN ARGENTIN Algunos Clientes en el Exterior AGRISEEDS LTD, New Zeland ARCH FLORIDA LLC., U.S.A ARCH RESOURCES GROUP LLC., U.S.A. ARMOR, Socyet\u00e9 Anonyme,\u00a0Nantes, France BARENBRUG HOLDING CHRISTY &amp; VIENER,\u00a0New York, NY, U.S.A. CMS ENERGY, INC.\u00a0Michigan, U.S.A. DONNA KARAN STUDIO,\u00a0New York, NY, U.S.A. EDYCE,\u00a0Chile FIRST INTERNATIONAL BANK,\u00a0Dallas, Texas, U.S.A. FUSION NETWORKS, INC.\u00a0Florida, U.S.A. GRAHAM &amp; JAMES,\u00a0San Francisco, CA., U.S.A. HANDELSFINANZ MIDLAND BANK,\u00a0Geneve, Switzerland INTERNATIONAL FINANCE BANK,\u00a0N.Y., U.S.A. KISSINGER, Henry,\u00a0N.Y., U.S.A. LE BOEUF, LAMB, LEIBY &amp; MAC RAE\u00a0N.Y., U.S.A. LONG, ALDRIDGE &amp; NORMAN,\u00a0Atlanta, GA, U.S.A. LOUIS BERGER INTERNATIONAL,\u00a0Washington DC , U.S.A MITSUI &amp; CO. LTD.\u00a0Japan MORRISON &amp; FOERSTER L.L.P. MULTICHECK S.A.,\u00a0Santiago, Chile NISSHO IWAI AMERICAN CORP.,\u00a0New York, NY, U.S.A. NISSHO IWAI CORP.,\u00a0Tokyo, Japan NHT Conesur,\u00a0Sao Pablo, Brazil PARAMOUNT VENTURES AND FINANCE, Inc.\u00a0Canada PREIS &amp; KRAFT,\u00a0Lafayette, Louisiana, U.S.A. TRADING DUESTER INC.,\u00a0Frankfurt, Germany VITAL CONTENT, INC,\u00a0Florida, U.S.A. VITOL B.V.,\u00a0The Netherlands\u00a0 VerNova L.L.C.,\u00a0VA. U.S.A. WISD LLC., U.S.A.<\/p>","protected":false},"author":1,"featured_media":0,"parent":0,"menu_order":0,"comment_status":"closed","ping_status":"closed","template":"","meta":{"footnotes":""},"class_list":["post-2564","page","type-page","status-publish","hentry"],"_links":{"self":[{"href":"https:\/\/prueba.lienzovirtual.com.ar\/en\/wp-json\/wp\/v2\/pages\/2564","targetHints":{"allow":["GET"]}}],"collection":[{"href":"https:\/\/prueba.lienzovirtual.com.ar\/en\/wp-json\/wp\/v2\/pages"}],"about":[{"href":"https:\/\/prueba.lienzovirtual.com.ar\/en\/wp-json\/wp\/v2\/types\/page"}],"author":[{"embeddable":true,"href":"https:\/\/prueba.lienzovirtual.com.ar\/en\/wp-json\/wp\/v2\/users\/1"}],"replies":[{"embeddable":true,"href":"https:\/\/prueba.lienzovirtual.com.ar\/en\/wp-json\/wp\/v2\/comments?post=2564"}],"version-history":[{"count":118,"href":"https:\/\/prueba.lienzovirtual.com.ar\/en\/wp-json\/wp\/v2\/pages\/2564\/revisions"}],"predecessor-version":[{"id":3403,"href":"https:\/\/prueba.lienzovirtual.com.ar\/en\/wp-json\/wp\/v2\/pages\/2564\/revisions\/3403"}],"wp:attachment":[{"href":"https:\/\/prueba.lienzovirtual.com.ar\/en\/wp-json\/wp\/v2\/media?parent=2564"}],"curies":[{"name":"wp","href":"https:\/\/api.w.org\/{rel}","templated":true}]}}