{"id":3364,"date":"2026-05-11T20:13:01","date_gmt":"2026-05-11T20:13:01","guid":{"rendered":"https:\/\/prueba.lienzovirtual.com.ar\/?page_id=3364"},"modified":"2026-05-11T20:32:15","modified_gmt":"2026-05-11T20:32:15","slug":"santiago-cv","status":"publish","type":"page","link":"https:\/\/prueba.lienzovirtual.com.ar\/en\/santiago-cv\/","title":{"rendered":"Santiago CV"},"content":{"rendered":"<div data-elementor-type=\"wp-page\" data-elementor-id=\"3364\" class=\"elementor elementor-3364\" data-elementor-post-type=\"page\">\n\t\t\t\t<div class=\"elementor-element elementor-element-fa1e4ec e-flex e-con-boxed wpr-particle-no wpr-jarallax-no wpr-parallax-no wpr-sticky-section-no wpr-equal-height-no e-con e-parent\" data-id=\"fa1e4ec\" data-element_type=\"container\" data-e-type=\"container\" data-settings=\"{&quot;background_background&quot;:&quot;classic&quot;}\">\n\t\t\t\t\t<div class=\"e-con-inner\">\n\t\t\t\t<div class=\"elementor-element elementor-element-cfc5de7 elementor-widget elementor-widget-heading\" data-id=\"cfc5de7\" data-element_type=\"widget\" data-e-type=\"widget\" data-widget_type=\"heading.default\">\n\t\t\t\t<div class=\"elementor-widget-container\">\n\t\t\t\t\t<h2 class=\"elementor-heading-title elementor-size-default\">Santiago Lynch<\/h2>\t\t\t\t<\/div>\n\t\t\t\t<\/div>\n\t\t\t\t<div class=\"elementor-element elementor-element-2572aa3 elementor-widget elementor-widget-heading\" data-id=\"2572aa3\" data-element_type=\"widget\" data-e-type=\"widget\" data-widget_type=\"heading.default\">\n\t\t\t\t<div class=\"elementor-widget-container\">\n\t\t\t\t\t<h2 class=\"elementor-heading-title elementor-size-default\">SOBRE MI<\/h2>\t\t\t\t<\/div>\n\t\t\t\t<\/div>\n\t\t\t\t<div class=\"elementor-element elementor-element-4ce58f0 elementor-widget elementor-widget-text-editor\" data-id=\"4ce58f0\" data-element_type=\"widget\" data-e-type=\"widget\" data-widget_type=\"text-editor.default\">\n\t\t\t\t<div class=\"elementor-widget-container\">\n\t\t\t\t\t\t\t\t\t<p>Naci\u00f3 en Buenos Aires, Argentina, el 8 de Julio de 1946; Abogado desde 1970.<\/p>\t\t\t\t\t\t\t\t<\/div>\n\t\t\t\t<\/div>\n\t\t\t\t<div class=\"elementor-element elementor-element-33c0a22 elementor-widget elementor-widget-heading\" data-id=\"33c0a22\" data-element_type=\"widget\" data-e-type=\"widget\" data-widget_type=\"heading.default\">\n\t\t\t\t<div class=\"elementor-widget-container\">\n\t\t\t\t\t<h2 class=\"elementor-heading-title elementor-size-default\">ESTUDIOS<\/h2>\t\t\t\t<\/div>\n\t\t\t\t<\/div>\n\t\t\t\t<div class=\"elementor-element elementor-element-a246a6b elementor-widget elementor-widget-text-editor\" data-id=\"a246a6b\" data-element_type=\"widget\" data-e-type=\"widget\" data-widget_type=\"text-editor.default\">\n\t\t\t\t<div class=\"elementor-widget-container\">\n\t\t\t\t\t\t\t\t\t<p>Bachiller Colegio Cardenal Newman (1963). Abogado. Facultad de Derecho de la Universidad Nacional de Buenos Aires. Cursos en la Southern Methodist University Law School, Dallas, Texas, EE.UU (1974). Autor de \u201cEl Cumplimiento de las Obligaciones en el Derecho Civil\u201d.<\/p>\t\t\t\t\t\t\t\t<\/div>\n\t\t\t\t<\/div>\n\t\t\t\t<div class=\"elementor-element elementor-element-9b4e294 elementor-widget elementor-widget-heading\" data-id=\"9b4e294\" data-element_type=\"widget\" data-e-type=\"widget\" data-widget_type=\"heading.default\">\n\t\t\t\t<div class=\"elementor-widget-container\">\n\t\t\t\t\t<h2 class=\"elementor-heading-title elementor-size-default\">ACTIVIDAD P\u00daBLICA<\/h2>\t\t\t\t<\/div>\n\t\t\t\t<\/div>\n\t\t\t\t<div class=\"elementor-element elementor-element-e1052ab elementor-widget elementor-widget-text-editor\" data-id=\"e1052ab\" data-element_type=\"widget\" data-e-type=\"widget\" data-widget_type=\"text-editor.default\">\n\t\t\t\t<div class=\"elementor-widget-container\">\n\t\t\t\t\t\t\t\t\t<p>Asesor del Instituto Nacional de Obras Sociales, 1976-1977; Asesor del Secretario de Programaci\u00f3n Econ\u00f3mica, 1977-1978; Ministro de Econom\u00eda de la Provincia de Salta, 1978; Asesor del Presidente de YPF, 1979; Asesor de la Secretar\u00eda de Industria, 1982; Asesor del Subsecretario de Comercio, 1982; Asesor del Presidente de la Sindicatura General de Empresas P\u00fablicas (hoy SIGEN) (1989-1990); Miembro del Consejo de Privatizaci\u00f3n de SOMISA (Compa\u00f1\u00eda de Acero Estatal), 1991; Asesor de la Secretar\u00eda de Energ\u00eda, 1992-1995; Asesor de la Comisi\u00f3n Puente Buenos Aires &#8211; Colonia, 1996-1997.<\/p>\t\t\t\t\t\t\t\t<\/div>\n\t\t\t\t<\/div>\n\t\t\t\t<div class=\"elementor-element elementor-element-34763b9 elementor-widget elementor-widget-heading\" data-id=\"34763b9\" data-element_type=\"widget\" data-e-type=\"widget\" data-widget_type=\"heading.default\">\n\t\t\t\t<div class=\"elementor-widget-container\">\n\t\t\t\t\t<h2 class=\"elementor-heading-title elementor-size-default\">ACTIVIDAD PRIVADA<\/h2>\t\t\t\t<\/div>\n\t\t\t\t<\/div>\n\t\t\t\t<div class=\"elementor-element elementor-element-06fcdbf elementor-widget elementor-widget-text-editor\" data-id=\"06fcdbf\" data-element_type=\"widget\" data-e-type=\"widget\" data-widget_type=\"text-editor.default\">\n\t\t\t\t<div class=\"elementor-widget-container\">\n\t\t\t\t\t\t\t\t\t<p>Gerente de Relaciones Estatales, Legales y Recursos Humanos de General Motors, 1970-1978; Socio en el Estudio Lynch &#8211; Abogados, (desde 1970 hasta el presente); Miembro del Colegio de Abogados de la Ciudad de Buenos Aires; Miembro de la Asociaci\u00f3n Internacional de Abogados.<\/p>\t\t\t\t\t\t\t\t<\/div>\n\t\t\t\t<\/div>\n\t\t\t\t<div class=\"elementor-element elementor-element-c6c57ee elementor-widget elementor-widget-heading\" data-id=\"c6c57ee\" data-element_type=\"widget\" data-e-type=\"widget\" data-widget_type=\"heading.default\">\n\t\t\t\t<div class=\"elementor-widget-container\">\n\t\t\t\t\t<h2 class=\"elementor-heading-title elementor-size-default\">IDIOMAS<\/h2>\t\t\t\t<\/div>\n\t\t\t\t<\/div>\n\t\t\t\t<div class=\"elementor-element elementor-element-8f05537 elementor-widget elementor-widget-text-editor\" data-id=\"8f05537\" data-element_type=\"widget\" data-e-type=\"widget\" data-widget_type=\"text-editor.default\">\n\t\t\t\t<div class=\"elementor-widget-container\">\n\t\t\t\t\t\t\t\t\t<p>Espa\u00f1ol, Ingl\u00e9s y Portugu\u00e9s. Comprensi\u00f3n del Franc\u00e9s.<\/p>\t\t\t\t\t\t\t\t<\/div>\n\t\t\t\t<\/div>\n\t\t\t\t<div class=\"elementor-element elementor-element-66ce4ba elementor-widget elementor-widget-heading\" data-id=\"66ce4ba\" data-element_type=\"widget\" data-e-type=\"widget\" data-widget_type=\"heading.default\">\n\t\t\t\t<div class=\"elementor-widget-container\">\n\t\t\t\t\t<h2 class=\"elementor-heading-title elementor-size-default\">Practice Areas<\/h2>\t\t\t\t<\/div>\n\t\t\t\t<\/div>\n\t\t\t\t<div class=\"elementor-element elementor-element-321e5c3 elementor-widget elementor-widget-text-editor\" data-id=\"321e5c3\" data-element_type=\"widget\" data-e-type=\"widget\" data-widget_type=\"text-editor.default\">\n\t\t\t\t<div class=\"elementor-widget-container\">\n\t\t\t\t\t\t\t\t\t<p>Derecho empresario, Derecho Administrativo, Derecho Laboral, Derecho Civil, Derecho Comercial, Sociedades, Derecho Aduanero, Fusiones y Adquisiciones, Derecho Industrial, Energ\u00eda, Derecho Ambiental, Derecho del Consumidor, Defensa de la Competencia, Derecho Bancario, Financiaci\u00f3n, Derecho Tributario, Inversiones extranjeras, Arbitrajes Internacionales, Litigios.<\/p>\t\t\t\t\t\t\t\t<\/div>\n\t\t\t\t<\/div>\n\t\t\t\t\t<\/div>\n\t\t\t\t<\/div>\n\t\t\t\t<\/div>","protected":false},"excerpt":{"rendered":"<p>Santiago Lynch SOBRE MI Naci\u00f3 en Buenos Aires, Argentina, el 8 de Julio de 1946; Abogado desde 1970. ESTUDIOS Bachiller Colegio Cardenal Newman (1963). Abogado. Facultad de Derecho de la Universidad Nacional de Buenos Aires. Cursos en la Southern Methodist University Law School, Dallas, Texas, EE.UU (1974). Autor de \u201cEl Cumplimiento de las Obligaciones en el Derecho Civil\u201d. ACTIVIDAD P\u00daBLICA Asesor del Instituto Nacional de Obras Sociales, 1976-1977; Asesor del Secretario de Programaci\u00f3n Econ\u00f3mica, 1977-1978; Ministro de Econom\u00eda de la Provincia de Salta, 1978; Asesor del Presidente de YPF, 1979; Asesor de la Secretar\u00eda de Industria, 1982; Asesor del Subsecretario de Comercio, 1982; Asesor del Presidente de la Sindicatura General de Empresas P\u00fablicas (hoy SIGEN) (1989-1990); Miembro del Consejo de Privatizaci\u00f3n de SOMISA (Compa\u00f1\u00eda de Acero Estatal), 1991; Asesor de la Secretar\u00eda de Energ\u00eda, 1992-1995; Asesor de la Comisi\u00f3n Puente Buenos Aires &#8211; Colonia, 1996-1997. ACTIVIDAD PRIVADA Gerente de Relaciones Estatales, Legales y Recursos Humanos de General Motors, 1970-1978; Socio en el Estudio Lynch &#8211; Abogados, (desde 1970 hasta el presente); Miembro del Colegio de Abogados de la Ciudad de Buenos Aires; Miembro de la Asociaci\u00f3n Internacional de Abogados. IDIOMAS Espa\u00f1ol, Ingl\u00e9s y Portugu\u00e9s. Comprensi\u00f3n del Franc\u00e9s. \u00c1REAS DE PR\u00c1CTICA Derecho empresario, Derecho Administrativo, Derecho Laboral, Derecho Civil, Derecho Comercial, Sociedades, Derecho Aduanero, Fusiones y Adquisiciones, Derecho Industrial, Energ\u00eda, Derecho Ambiental, Derecho del Consumidor, Defensa de la Competencia, Derecho Bancario, Financiaci\u00f3n, Derecho Tributario, Inversiones extranjeras, Arbitrajes Internacionales, Litigios.<\/p>","protected":false},"author":1,"featured_media":0,"parent":0,"menu_order":0,"comment_status":"closed","ping_status":"closed","template":"elementor_header_footer","meta":{"footnotes":""},"class_list":["post-3364","page","type-page","status-publish","hentry"],"_links":{"self":[{"href":"https:\/\/prueba.lienzovirtual.com.ar\/en\/wp-json\/wp\/v2\/pages\/3364","targetHints":{"allow":["GET"]}}],"collection":[{"href":"https:\/\/prueba.lienzovirtual.com.ar\/en\/wp-json\/wp\/v2\/pages"}],"about":[{"href":"https:\/\/prueba.lienzovirtual.com.ar\/en\/wp-json\/wp\/v2\/types\/page"}],"author":[{"embeddable":true,"href":"https:\/\/prueba.lienzovirtual.com.ar\/en\/wp-json\/wp\/v2\/users\/1"}],"replies":[{"embeddable":true,"href":"https:\/\/prueba.lienzovirtual.com.ar\/en\/wp-json\/wp\/v2\/comments?post=3364"}],"version-history":[{"count":19,"href":"https:\/\/prueba.lienzovirtual.com.ar\/en\/wp-json\/wp\/v2\/pages\/3364\/revisions"}],"predecessor-version":[{"id":3385,"href":"https:\/\/prueba.lienzovirtual.com.ar\/en\/wp-json\/wp\/v2\/pages\/3364\/revisions\/3385"}],"wp:attachment":[{"href":"https:\/\/prueba.lienzovirtual.com.ar\/en\/wp-json\/wp\/v2\/media?parent=3364"}],"curies":[{"name":"wp","href":"https:\/\/api.w.org\/{rel}","templated":true}]}}